{"id":25,"date":"2018-06-06T00:35:26","date_gmt":"2018-06-06T00:35:26","guid":{"rendered":"http:\/\/valkiriabytes.com\/?page_id=25"},"modified":"2019-03-13T18:09:00","modified_gmt":"2019-03-13T18:09:00","slug":"biblioteca-i-publicacions","status":"publish","type":"page","link":"https:\/\/ecmbarcelones.com\/index.php\/biblioteca-i-publicacions\/","title":{"rendered":"Publicacions"},"content":{"rendered":"\t\t<div data-elementor-type=\"wp-post\" data-elementor-id=\"25\" class=\"elementor elementor-25 elementor-bc-flex-widget\">\n\t\t\t\t\t\t<section class=\"elementor-section elementor-top-section elementor-element elementor-element-646d5d6 elementor-section-boxed elementor-section-height-default elementor-section-height-default\" data-id=\"646d5d6\" data-element_type=\"section\">\n\t\t\t\t\t\t<div class=\"elementor-container elementor-column-gap-default\">\n\t\t\t\t\t<div class=\"elementor-column elementor-col-100 elementor-top-column elementor-element elementor-element-4f34293\" data-id=\"4f34293\" data-element_type=\"column\">\n\t\t\t<div class=\"elementor-widget-wrap elementor-element-populated\">\n\t\t\t\t\t\t<div class=\"elementor-element elementor-element-ae56770 elementor-widget elementor-widget-text-editor\" data-id=\"ae56770\" data-element_type=\"widget\" data-widget_type=\"text-editor.default\">\n\t\t\t\t<div class=\"elementor-widget-container\">\n\t\t\t\t\t\t\t\t\t<p align=\"center\"><span style=\"color: #333333;\"><span style=\"font-size: x-large;\"><u><b>Biblioteca<\/b><\/u><\/span><\/span><\/p><p><span style=\"color: #333333;\"><span style=\"font-size: medium;\">La fussi\u00f3 del ECG i del CMB ha unit las dues biblioteques formant-ne una que segurament es de les mes grans de tem\u00e1tica espeleol\u00f3gica.<\/span><\/span><\/p><p><span style=\"color: #333333;\"><span style=\"font-size: medium;\">Amb m\u00e8s de 5000 revistas de mes de 200 publicacions i mes de 500 llibres permeten consultar art\u00edcles de noves descobertes o estudis com d\u2019antigues exploracions o b\u00e8 articles de tem\u00e1tica cient\u00edfica.<\/span><\/span><\/p><p align=\"center\">\u00a0<\/p><p align=\"center\"><span style=\"font-size: x-large; color: #333333;\"><u><b>Publicacions<\/b><\/u><\/span><\/p><p><span style=\"font-size: medium; color: #333333;\">L\u2019Espeleo Club de Gr\u00e0cia amb 21 n\u00fameros de la revista Exploracions publicats i diversos llibres con els 2 volums de les Grans Cavitats de Catalunya i 2 edicions del Grandes Cuevas y Simas de Espa\u00f1a i el GES amb la publicaci\u00f3 de la revista Sota Terra.<\/span><\/p><p><span style=\"font-size: medium; color: #333333;\">Els dos clubs ara fusionats a l\u2019Espeleo Club Muntanyenc Barcelon\u00e8s continuaran amb la publicaci\u00f3 de llibres i revistes per tal de divulgar el coneixement del m\u00f3n subterrani.<\/span><\/p><p><span style=\"font-size: medium; color: #333333;\">La venda o intercanvi de llibres i revistes la podeu fer contacta\u2019n amb l\u2019Espeleo Club Muntanyenc Barcelon\u00e8s al correu info@ecmbarcelones.com<\/span><\/p>\t\t\t\t\t\t\t\t<\/div>\n\t\t\t\t<\/div>\n\t\t\t\t\t<\/div>\n\t\t<\/div>\n\t\t\t\t\t<\/div>\n\t\t<\/section>\n\t\t\t\t<section class=\"elementor-section elementor-top-section elementor-element elementor-element-6cef3f8 elementor-section-boxed elementor-section-height-default elementor-section-height-default\" data-id=\"6cef3f8\" data-element_type=\"section\">\n\t\t\t\t\t\t<div class=\"elementor-container elementor-column-gap-default\">\n\t\t\t\t\t<div class=\"elementor-column elementor-col-25 elementor-top-column elementor-element elementor-element-4ab5c31\" data-id=\"4ab5c31\" data-element_type=\"column\">\n\t\t\t<div class=\"elementor-widget-wrap elementor-element-populated\">\n\t\t\t\t\t\t<div class=\"elementor-element elementor-element-e948b97 elementor-widget elementor-widget-image\" data-id=\"e948b97\" data-element_type=\"widget\" data-widget_type=\"image.default\">\n\t\t\t\t<div class=\"elementor-widget-container\">\n\t\t\t\t\t\t\t\t\t\t\t\t\t\t\t<img fetchpriority=\"high\" decoding=\"async\" width=\"212\" height=\"300\" src=\"https:\/\/ecmbarcelones.com\/wp-content\/uploads\/2019\/01\/img240-212x300.jpg\" class=\"attachment-medium size-medium wp-image-146\" alt=\"\" srcset=\"https:\/\/ecmbarcelones.com\/wp-content\/uploads\/2019\/01\/img240-212x300.jpg 212w, https:\/\/ecmbarcelones.com\/wp-content\/uploads\/2019\/01\/img240-768x1086.jpg 768w, https:\/\/ecmbarcelones.com\/wp-content\/uploads\/2019\/01\/img240-724x1024.jpg 724w, https:\/\/ecmbarcelones.com\/wp-content\/uploads\/2019\/01\/img240-106x150.jpg 106w\" sizes=\"(max-width: 212px) 100vw, 212px\" \/>\t\t\t\t\t\t\t\t\t\t\t\t\t\t\t<\/div>\n\t\t\t\t<\/div>\n\t\t\t\t\t<\/div>\n\t\t<\/div>\n\t\t\t\t<div class=\"elementor-column elementor-col-50 elementor-top-column elementor-element elementor-element-15be56b\" data-id=\"15be56b\" data-element_type=\"column\">\n\t\t\t<div class=\"elementor-widget-wrap elementor-element-populated\">\n\t\t\t\t\t\t<div class=\"elementor-element elementor-element-859586b elementor-widget elementor-widget-image\" data-id=\"859586b\" data-element_type=\"widget\" data-widget_type=\"image.default\">\n\t\t\t\t<div class=\"elementor-widget-container\">\n\t\t\t\t\t\t\t\t\t\t\t\t\t\t\t<img decoding=\"async\" width=\"768\" height=\"432\" src=\"https:\/\/ecmbarcelones.com\/wp-content\/uploads\/2019\/03\/IMG_20181122_193400-768x432.jpg\" class=\"attachment-medium_large size-medium_large wp-image-236\" alt=\"\" srcset=\"https:\/\/ecmbarcelones.com\/wp-content\/uploads\/2019\/03\/IMG_20181122_193400-768x432.jpg 768w, https:\/\/ecmbarcelones.com\/wp-content\/uploads\/2019\/03\/IMG_20181122_193400-300x169.jpg 300w, https:\/\/ecmbarcelones.com\/wp-content\/uploads\/2019\/03\/IMG_20181122_193400-1024x576.jpg 1024w, https:\/\/ecmbarcelones.com\/wp-content\/uploads\/2019\/03\/IMG_20181122_193400-150x84.jpg 150w\" sizes=\"(max-width: 768px) 100vw, 768px\" \/>\t\t\t\t\t\t\t\t\t\t\t\t\t\t\t<\/div>\n\t\t\t\t<\/div>\n\t\t\t\t\t<\/div>\n\t\t<\/div>\n\t\t\t\t<div class=\"elementor-column elementor-col-25 elementor-top-column elementor-element elementor-element-bff5cbc\" data-id=\"bff5cbc\" data-element_type=\"column\">\n\t\t\t<div class=\"elementor-widget-wrap elementor-element-populated\">\n\t\t\t\t\t\t<div class=\"elementor-element elementor-element-15f333f elementor-widget elementor-widget-image\" data-id=\"15f333f\" data-element_type=\"widget\" data-widget_type=\"image.default\">\n\t\t\t\t<div class=\"elementor-widget-container\">\n\t\t\t\t\t\t\t\t\t\t\t\t\t\t\t<img decoding=\"async\" width=\"212\" height=\"300\" src=\"https:\/\/ecmbarcelones.com\/wp-content\/uploads\/2019\/01\/img241-212x300.jpg\" class=\"attachment-medium size-medium wp-image-147\" alt=\"\" srcset=\"https:\/\/ecmbarcelones.com\/wp-content\/uploads\/2019\/01\/img241-212x300.jpg 212w, https:\/\/ecmbarcelones.com\/wp-content\/uploads\/2019\/01\/img241-768x1086.jpg 768w, https:\/\/ecmbarcelones.com\/wp-content\/uploads\/2019\/01\/img241-724x1024.jpg 724w, https:\/\/ecmbarcelones.com\/wp-content\/uploads\/2019\/01\/img241-106x150.jpg 106w\" sizes=\"(max-width: 212px) 100vw, 212px\" \/>\t\t\t\t\t\t\t\t\t\t\t\t\t\t\t<\/div>\n\t\t\t\t<\/div>\n\t\t\t\t\t<\/div>\n\t\t<\/div>\n\t\t\t\t\t<\/div>\n\t\t<\/section>\n\t\t\t\t<section class=\"elementor-section elementor-top-section elementor-element elementor-element-859e9e9 elementor-section-boxed elementor-section-height-default elementor-section-height-default\" data-id=\"859e9e9\" data-element_type=\"section\">\n\t\t\t\t\t\t<div class=\"elementor-container elementor-column-gap-default\">\n\t\t\t\t\t<div class=\"elementor-column elementor-col-100 elementor-top-column elementor-element elementor-element-7549da8\" data-id=\"7549da8\" data-element_type=\"column\">\n\t\t\t<div class=\"elementor-widget-wrap elementor-element-populated\">\n\t\t\t\t\t\t<section class=\"elementor-section elementor-inner-section elementor-element elementor-element-99bac8d elementor-section-boxed elementor-section-height-default elementor-section-height-default\" data-id=\"99bac8d\" data-element_type=\"section\">\n\t\t\t\t\t\t<div class=\"elementor-container elementor-column-gap-default\">\n\t\t\t\t\t<div class=\"elementor-column elementor-col-50 elementor-inner-column elementor-element elementor-element-5774a26\" data-id=\"5774a26\" data-element_type=\"column\">\n\t\t\t<div class=\"elementor-widget-wrap\">\n\t\t\t\t\t\t\t<\/div>\n\t\t<\/div>\n\t\t\t\t<div class=\"elementor-column elementor-col-50 elementor-inner-column elementor-element elementor-element-05f0195\" data-id=\"05f0195\" data-element_type=\"column\">\n\t\t\t<div class=\"elementor-widget-wrap\">\n\t\t\t\t\t\t\t<\/div>\n\t\t<\/div>\n\t\t\t\t\t<\/div>\n\t\t<\/section>\n\t\t\t\t\t<\/div>\n\t\t<\/div>\n\t\t\t\t\t<\/div>\n\t\t<\/section>\n\t\t\t\t<section class=\"elementor-section elementor-top-section elementor-element elementor-element-c9918dd elementor-section-boxed elementor-section-height-default elementor-section-height-default\" data-id=\"c9918dd\" data-element_type=\"section\">\n\t\t\t\t\t\t<div class=\"elementor-container elementor-column-gap-default\">\n\t\t\t\t\t<div class=\"elementor-column elementor-col-100 elementor-top-column elementor-element elementor-element-15e8011\" data-id=\"15e8011\" data-element_type=\"column\">\n\t\t\t<div class=\"elementor-widget-wrap\">\n\t\t\t\t\t\t\t<\/div>\n\t\t<\/div>\n\t\t\t\t\t<\/div>\n\t\t<\/section>\n\t\t\t\t<\/div>\n\t\t","protected":false},"excerpt":{"rendered":"<p>Biblioteca La fussi\u00f3 del ECG i del CMB ha unit las dues biblioteques formant-ne una que segurament es de les mes grans de tem\u00e1tica espeleol\u00f3gica. Amb m\u00e8s de 5000 revistas de mes de 200 publicacions i mes de 500 llibres permeten consultar art\u00edcles de noves descobertes o estudis com d\u2019antigues\u2026<\/p>\n<p class=\"continue-reading-button\"> <a class=\"continue-reading-link\" href=\"https:\/\/ecmbarcelones.com\/index.php\/biblioteca-i-publicacions\/\">Continue reading<i class=\"crycon-right-dir\"><\/i><\/a><\/p>\n","protected":false},"author":1,"featured_media":0,"parent":0,"menu_order":0,"comment_status":"closed","ping_status":"closed","template":"","meta":{"footnotes":""},"class_list":["post-25","page","type-page","status-publish","hentry"],"_links":{"self":[{"href":"https:\/\/ecmbarcelones.com\/index.php\/wp-json\/wp\/v2\/pages\/25","targetHints":{"allow":["GET"]}}],"collection":[{"href":"https:\/\/ecmbarcelones.com\/index.php\/wp-json\/wp\/v2\/pages"}],"about":[{"href":"https:\/\/ecmbarcelones.com\/index.php\/wp-json\/wp\/v2\/types\/page"}],"author":[{"embeddable":true,"href":"https:\/\/ecmbarcelones.com\/index.php\/wp-json\/wp\/v2\/users\/1"}],"replies":[{"embeddable":true,"href":"https:\/\/ecmbarcelones.com\/index.php\/wp-json\/wp\/v2\/comments?post=25"}],"version-history":[{"count":7,"href":"https:\/\/ecmbarcelones.com\/index.php\/wp-json\/wp\/v2\/pages\/25\/revisions"}],"predecessor-version":[{"id":256,"href":"https:\/\/ecmbarcelones.com\/index.php\/wp-json\/wp\/v2\/pages\/25\/revisions\/256"}],"wp:attachment":[{"href":"https:\/\/ecmbarcelones.com\/index.php\/wp-json\/wp\/v2\/media?parent=25"}],"curies":[{"name":"wp","href":"https:\/\/api.w.org\/{rel}","templated":true}]}}