{"id":17,"date":"2018-06-06T00:34:12","date_gmt":"2018-06-06T00:34:12","guid":{"rendered":"http:\/\/valkiriabytes.com\/?page_id=17"},"modified":"2021-01-11T08:59:17","modified_gmt":"2021-01-11T08:59:17","slug":"expedicions","status":"publish","type":"page","link":"https:\/\/ecmbarcelones.com\/","title":{"rendered":"Club"},"content":{"rendered":"\t\t<div data-elementor-type=\"wp-post\" data-elementor-id=\"17\" class=\"elementor elementor-17 elementor-bc-flex-widget\">\n\t\t\t\t\t\t<section class=\"elementor-section elementor-top-section elementor-element elementor-element-d7ffdff elementor-section-boxed elementor-section-height-default elementor-section-height-default\" data-id=\"d7ffdff\" data-element_type=\"section\">\n\t\t\t\t\t\t<div class=\"elementor-container elementor-column-gap-default\">\n\t\t\t\t\t<div class=\"elementor-column elementor-col-50 elementor-top-column elementor-element elementor-element-1823e45\" data-id=\"1823e45\" data-element_type=\"column\">\n\t\t\t<div class=\"elementor-widget-wrap elementor-element-populated\">\n\t\t\t\t\t\t<div class=\"elementor-element elementor-element-9f30584 elementor-widget elementor-widget-text-editor\" data-id=\"9f30584\" data-element_type=\"widget\" data-widget_type=\"text-editor.default\">\n\t\t\t\t<div class=\"elementor-widget-container\">\n\t\t\t\t\t\t\t\t\t<p>L\u2019Espeleo Club Muntanyenc Barcelon\u00e8s neix el 17 de noviembre de 2017 de la fusi\u00f3 del Club Muntanyenc Barcelon\u00e8s i l\u2019Espeleo Club de Gr\u00e0cia.<\/p><p>El Club Muntanyenc Barcelon\u00e8s es fruit de la fusi\u00f3 a l\u2019any 1931 del Club Muntanyenc Societat de Ci\u00e8ncies Naturals i Excursions (1906) amb el Centre Excursionista Barcelon\u00e8s (1909). A l\u2019any 1948 i neix, al CMB, el Grup d\u2019Exploracions Subterr\u00e0nies (GES) el primer grup espeleol\u00f2gic de la pen\u00ednsula.<\/p><p>Per altra banda l\u2019Espeleoclub de Gr\u00e0cia fundat a l\u2019any 1979, tamb\u00e9 fruit d\u2019una col\u00b7laboraci\u00f3 m\u00fata amb l\u2019uni\u00f3 dels espele\u00f2legs dels grups Grup Geogr\u00e0fic (GGG) de l\u2019Orfe\u00f3 Gracienc i el Grup d\u2019Investigacions Espeleol\u00f2giques (GIE) del Club Excursionista de Gr\u00e0cia.<\/p><p>Adherint-se tamb\u00e9 al nou projecte altres espele\u00f2legs a nivel personal, procedents de diverses entitats.<\/p><p>Aquesta nova entitat neix amb la pretensi\u00f3 d\u2019afrontar les actuals necessitats i reptes de l\u2019activitat espeleol\u00f3gica.<\/p><p>La seu social del club est\u00e0 al carrer Sant Pere Mes Alt n\u00famero 25, al Centre Sant Pere Ap\u00f3stol.<\/p>\t\t\t\t\t\t\t\t<\/div>\n\t\t\t\t<\/div>\n\t\t\t\t\t<\/div>\n\t\t<\/div>\n\t\t\t\t<div class=\"elementor-column elementor-col-50 elementor-top-column elementor-element elementor-element-ea021e9\" data-id=\"ea021e9\" data-element_type=\"column\">\n\t\t\t<div class=\"elementor-widget-wrap elementor-element-populated\">\n\t\t\t\t\t\t<div class=\"elementor-element elementor-element-7a07bb4 elementor-widget elementor-widget-text-editor\" data-id=\"7a07bb4\" data-element_type=\"widget\" data-widget_type=\"text-editor.default\">\n\t\t\t\t<div class=\"elementor-widget-container\">\n\t\t\t\t\t\t\t\t\t<p><span style=\"display: block; background-color: #ededed; margin: -13px 0px 0px 0px; border-radius: 7px 7px 0px 0px;\"><strong>com arribar?<\/strong><\/span><\/p>\t\t\t\t\t\t\t\t<\/div>\n\t\t\t\t<\/div>\n\t\t\t\t<div class=\"elementor-element elementor-element-26fc53e elementor-widget elementor-widget-google_maps\" data-id=\"26fc53e\" data-element_type=\"widget\" data-widget_type=\"google_maps.default\">\n\t\t\t\t<div class=\"elementor-widget-container\">\n\t\t\t\t\t\t\t<div class=\"elementor-custom-embed\">\n\t\t\t<iframe loading=\"lazy\"\n\t\t\t\t\tsrc=\"https:\/\/maps.google.com\/maps?q=Sant%20pere%20mes%20alt%2025%20barcelona&#038;t=m&#038;z=13&#038;output=embed&#038;iwloc=near\"\n\t\t\t\t\ttitle=\"Sant pere mes alt 25 barcelona\"\n\t\t\t\t\taria-label=\"Sant pere mes alt 25 barcelona\"\n\t\t\t><\/iframe>\n\t\t<\/div>\n\t\t\t\t\t\t<\/div>\n\t\t\t\t<\/div>\n\t\t\t\t<div class=\"elementor-element elementor-element-429c2d6 elementor-widget elementor-widget-text-editor\" data-id=\"429c2d6\" data-element_type=\"widget\" data-widget_type=\"text-editor.default\">\n\t\t\t\t<div class=\"elementor-widget-container\">\n\t\t\t\t\t\t\t\t\t<span style=\"display: block; background-color: #ededed; margin: -13px 0px 0px 0px; border-radius: 7px 7px 0px 0px;\"><strong>direcci\u00f3 de contacte<\/strong><\/span>\n<a href=\"mailto:info@ecgracia.com\">info@ecmbarcelones.com<\/a>\t\t\t\t\t\t\t\t<\/div>\n\t\t\t\t<\/div>\n\t\t\t\t<div class=\"elementor-element elementor-element-329fd76 elementor-widget elementor-widget-text-editor\" data-id=\"329fd76\" data-element_type=\"widget\" data-widget_type=\"text-editor.default\">\n\t\t\t\t<div class=\"elementor-widget-container\">\n\t\t\t\t\t\t\t\t\t<span style=\"display: block; background-color: #ededed; margin: -13px 0px 0px 0px; border-radius: 7px 7px 0px 0px;\"><strong>enlla\u00e7os amics<\/strong><\/span>\n\n<a href=\"http:\/\/cavitatsdecatalunya.blogspot.com\/\">http:\/\/cavitatsdecatalunya.blogspot.com\/<\/a>\t\t\t\t\t\t\t\t<\/div>\n\t\t\t\t<\/div>\n\t\t\t\t\t<\/div>\n\t\t<\/div>\n\t\t\t\t\t<\/div>\n\t\t<\/section>\n\t\t\t\t<section class=\"elementor-section elementor-top-section elementor-element elementor-element-923d9ba elementor-section-boxed elementor-section-height-default elementor-section-height-default\" data-id=\"923d9ba\" data-element_type=\"section\">\n\t\t\t\t\t\t<div class=\"elementor-container elementor-column-gap-default\">\n\t\t\t\t\t<div class=\"elementor-column elementor-col-33 elementor-top-column elementor-element elementor-element-c0a5c3d\" data-id=\"c0a5c3d\" data-element_type=\"column\">\n\t\t\t<div class=\"elementor-widget-wrap\">\n\t\t\t\t\t\t\t<\/div>\n\t\t<\/div>\n\t\t\t\t<div class=\"elementor-column elementor-col-33 elementor-top-column elementor-element elementor-element-f139b54\" data-id=\"f139b54\" data-element_type=\"column\">\n\t\t\t<div class=\"elementor-widget-wrap elementor-element-populated\">\n\t\t\t\t\t\t<div class=\"elementor-element elementor-element-6225aa1 elementor-widget elementor-widget-spacer\" data-id=\"6225aa1\" data-element_type=\"widget\" data-widget_type=\"spacer.default\">\n\t\t\t\t<div class=\"elementor-widget-container\">\n\t\t\t\t\t\t\t<div class=\"elementor-spacer\">\n\t\t\t<div class=\"elementor-spacer-inner\"><\/div>\n\t\t<\/div>\n\t\t\t\t\t\t<\/div>\n\t\t\t\t<\/div>\n\t\t\t\t\t<\/div>\n\t\t<\/div>\n\t\t\t\t<div class=\"elementor-column elementor-col-33 elementor-top-column elementor-element elementor-element-e4d723a\" data-id=\"e4d723a\" data-element_type=\"column\">\n\t\t\t<div class=\"elementor-widget-wrap\">\n\t\t\t\t\t\t\t<\/div>\n\t\t<\/div>\n\t\t\t\t\t<\/div>\n\t\t<\/section>\n\t\t\t\t<section class=\"elementor-section elementor-top-section elementor-element elementor-element-c1cca52 elementor-section-height-min-height elementor-section-content-bottom elementor-section-boxed elementor-section-height-default elementor-section-items-middle\" data-id=\"c1cca52\" data-element_type=\"section\">\n\t\t\t\t\t\t<div class=\"elementor-container elementor-column-gap-no\">\n\t\t\t\t\t<div class=\"elementor-column elementor-col-33 elementor-top-column elementor-element elementor-element-f7f7503\" data-id=\"f7f7503\" data-element_type=\"column\">\n\t\t\t<div class=\"elementor-widget-wrap elementor-element-populated\">\n\t\t\t\t\t\t<div class=\"elementor-element elementor-element-7279fd7 elementor-widget elementor-widget-image\" data-id=\"7279fd7\" data-element_type=\"widget\" data-widget_type=\"image.default\">\n\t\t\t\t<div class=\"elementor-widget-container\">\n\t\t\t\t\t\t\t\t\t\t\t\t\t\t\t<img decoding=\"async\" width=\"132\" height=\"60\" src=\"https:\/\/ecmbarcelones.com\/wp-content\/uploads\/2019\/03\/LogoFCE-e1551748743612.jpg\" class=\"attachment-full size-full wp-image-208\" alt=\"\" \/>\t\t\t\t\t\t\t\t\t\t\t\t\t\t\t<\/div>\n\t\t\t\t<\/div>\n\t\t\t\t\t<\/div>\n\t\t<\/div>\n\t\t\t\t<div class=\"elementor-column elementor-col-33 elementor-top-column elementor-element elementor-element-eb496ba\" data-id=\"eb496ba\" data-element_type=\"column\">\n\t\t\t<div class=\"elementor-widget-wrap elementor-element-populated\">\n\t\t\t\t\t\t<div class=\"elementor-element elementor-element-92060f0 elementor-widget elementor-widget-image\" data-id=\"92060f0\" data-element_type=\"widget\" data-widget_type=\"image.default\">\n\t\t\t\t<div class=\"elementor-widget-container\">\n\t\t\t\t\t\t\t\t\t\t\t\t\t\t\t<img decoding=\"async\" width=\"240\" height=\"60\" src=\"https:\/\/ecmbarcelones.com\/wp-content\/uploads\/2019\/03\/LogoFEEC-e1551748736367.jpg\" class=\"attachment-full size-full wp-image-209\" alt=\"\" \/>\t\t\t\t\t\t\t\t\t\t\t\t\t\t\t<\/div>\n\t\t\t\t<\/div>\n\t\t\t\t\t<\/div>\n\t\t<\/div>\n\t\t\t\t<div class=\"elementor-column elementor-col-33 elementor-top-column elementor-element elementor-element-bdf11b4\" data-id=\"bdf11b4\" data-element_type=\"column\">\n\t\t\t<div class=\"elementor-widget-wrap elementor-element-populated\">\n\t\t\t\t\t\t<div class=\"elementor-element elementor-element-14071f4 elementor-widget elementor-widget-image\" data-id=\"14071f4\" data-element_type=\"widget\" data-widget_type=\"image.default\">\n\t\t\t\t<div class=\"elementor-widget-container\">\n\t\t\t\t\t\t\t\t\t\t\t\t\t\t\t<img decoding=\"async\" width=\"131\" height=\"60\" src=\"https:\/\/ecmbarcelones.com\/wp-content\/uploads\/2019\/03\/LogoUFEC-e1551748726965.jpg\" class=\"attachment-full size-full wp-image-211\" alt=\"\" \/>\t\t\t\t\t\t\t\t\t\t\t\t\t\t\t<\/div>\n\t\t\t\t<\/div>\n\t\t\t\t\t<\/div>\n\t\t<\/div>\n\t\t\t\t\t<\/div>\n\t\t<\/section>\n\t\t\t\t<\/div>\n\t\t","protected":false},"excerpt":{"rendered":"<p>L\u2019Espeleo Club Muntanyenc Barcelon\u00e8s neix el 17 de noviembre de 2017 de la fusi\u00f3 del Club Muntanyenc Barcelon\u00e8s i l\u2019Espeleo Club de Gr\u00e0cia. El Club Muntanyenc Barcelon\u00e8s es fruit de la fusi\u00f3 a l\u2019any 1931 del Club Muntanyenc Societat de Ci\u00e8ncies Naturals i Excursions (1906) amb el Centre Excursionista Barcelon\u00e8s\u2026<\/p>\n<p class=\"continue-reading-button\"> <a class=\"continue-reading-link\" href=\"https:\/\/ecmbarcelones.com\/\">Continue reading<i class=\"crycon-right-dir\"><\/i><\/a><\/p>\n","protected":false},"author":1,"featured_media":0,"parent":0,"menu_order":0,"comment_status":"closed","ping_status":"closed","template":"","meta":{"footnotes":""},"class_list":["post-17","page","type-page","status-publish","hentry"],"_links":{"self":[{"href":"https:\/\/ecmbarcelones.com\/index.php\/wp-json\/wp\/v2\/pages\/17","targetHints":{"allow":["GET"]}}],"collection":[{"href":"https:\/\/ecmbarcelones.com\/index.php\/wp-json\/wp\/v2\/pages"}],"about":[{"href":"https:\/\/ecmbarcelones.com\/index.php\/wp-json\/wp\/v2\/types\/page"}],"author":[{"embeddable":true,"href":"https:\/\/ecmbarcelones.com\/index.php\/wp-json\/wp\/v2\/users\/1"}],"replies":[{"embeddable":true,"href":"https:\/\/ecmbarcelones.com\/index.php\/wp-json\/wp\/v2\/comments?post=17"}],"version-history":[{"count":52,"href":"https:\/\/ecmbarcelones.com\/index.php\/wp-json\/wp\/v2\/pages\/17\/revisions"}],"predecessor-version":[{"id":688,"href":"https:\/\/ecmbarcelones.com\/index.php\/wp-json\/wp\/v2\/pages\/17\/revisions\/688"}],"wp:attachment":[{"href":"https:\/\/ecmbarcelones.com\/index.php\/wp-json\/wp\/v2\/media?parent=17"}],"curies":[{"name":"wp","href":"https:\/\/api.w.org\/{rel}","templated":true}]}}