{"id":110,"date":"2018-06-14T13:04:50","date_gmt":"2018-06-14T13:04:50","guid":{"rendered":"http:\/\/valkiriabytes.com\/?page_id=110"},"modified":"2025-01-20T18:55:20","modified_gmt":"2025-01-20T18:55:20","slug":"el-refugi-de-sedremorta","status":"publish","type":"page","link":"https:\/\/ecmbarcelones.com\/index.php\/el-refugi-de-sedremorta\/","title":{"rendered":"El refugi de Segremorta"},"content":{"rendered":"\t\t<div data-elementor-type=\"wp-post\" data-elementor-id=\"110\" class=\"elementor elementor-110\">\n\t\t\t\t\t\t<section class=\"elementor-section elementor-top-section elementor-element elementor-element-934f953 elementor-section-boxed elementor-section-height-default elementor-section-height-default\" data-id=\"934f953\" data-element_type=\"section\">\n\t\t\t\t\t\t<div class=\"elementor-container elementor-column-gap-default\">\n\t\t\t\t\t<div class=\"elementor-column elementor-col-50 elementor-top-column elementor-element elementor-element-eca7c47\" data-id=\"eca7c47\" data-element_type=\"column\">\n\t\t\t<div class=\"elementor-widget-wrap elementor-element-populated\">\n\t\t\t\t\t\t<div class=\"elementor-element elementor-element-4975b09 elementor-widget elementor-widget-text-editor\" data-id=\"4975b09\" data-element_type=\"widget\" data-widget_type=\"text-editor.default\">\n\t\t\t\t<div class=\"elementor-widget-container\">\n\t\t\t\t\t\t\t\t\t<p><span style=\"font-size: medium;\">El refugi de\u00a0<\/span><span style=\"font-size: medium;\">Segremorta<\/span><span style=\"font-size: medium;\">\u00a0est\u00e0\u00a0situat a la Molina, al mig del bosc\u00a0s&#8217;hi\u00a0arriba\u00a0per una pista o b\u00e9 per un sender que podem agafar\u00a0des de\u00a0l&#8217;estaci\u00f3 de RENFE de la Molina.<br \/>Consta de\u00a0v\u00e0ries\u00a0depend\u00e8ncies i\u00a0t\u00e9\u00a0cabuda\u00a0per <span style=\"text-decoration: underline;\">24 persones<\/span>.<\/span><\/p><p><span style=\"font-size: medium;\"><br \/>El preu per nit\u00a0\u00e9s\u00a0de\u00a0<\/span><strong><span style=\"font-size: medium;\">8\u20ac<\/span><\/strong><span style=\"font-size: medium;\">\u00a0pels socis i de\u00a0<\/span><strong><span style=\"font-size: medium;\">12\u20ac<\/span><\/strong><span style=\"font-size: medium;\">\u00a0pels no socis, aquests\u00a0hauran d&#8217;anar-hi acompanyats d&#8217;un\u00a0soci.<\/span><\/p><p><span style=\"font-size: medium;\">\u00a0<\/span><\/p><p><span style=\"font-size: medium;\">Per demanar la clau parlar amb Meru 684079902<\/span><\/p>\t\t\t\t\t\t\t\t<\/div>\n\t\t\t\t<\/div>\n\t\t\t\t\t<\/div>\n\t\t<\/div>\n\t\t\t\t<div class=\"elementor-column elementor-col-50 elementor-top-column elementor-element elementor-element-ebb84ab\" data-id=\"ebb84ab\" data-element_type=\"column\">\n\t\t\t<div class=\"elementor-widget-wrap elementor-element-populated\">\n\t\t\t\t\t\t<div class=\"elementor-element elementor-element-6053525 elementor-widget elementor-widget-image\" data-id=\"6053525\" data-element_type=\"widget\" data-widget_type=\"image.default\">\n\t\t\t\t<div class=\"elementor-widget-container\">\n\t\t\t\t\t\t\t\t\t\t\t\t\t\t\t<img fetchpriority=\"high\" decoding=\"async\" width=\"780\" height=\"350\" src=\"https:\/\/ecmbarcelones.com\/wp-content\/uploads\/2018\/06\/sEGREMORTA-e1530147222149-780x350.jpg\" class=\"attachment-custom size-custom wp-image-123\" alt=\"\" \/>\t\t\t\t\t\t\t\t\t\t\t\t\t\t\t<\/div>\n\t\t\t\t<\/div>\n\t\t\t\t\t<\/div>\n\t\t<\/div>\n\t\t\t\t\t<\/div>\n\t\t<\/section>\n\t\t\t\t<section class=\"elementor-section elementor-top-section elementor-element elementor-element-b620b9f elementor-section-boxed elementor-section-height-default elementor-section-height-default\" data-id=\"b620b9f\" data-element_type=\"section\">\n\t\t\t\t\t\t<div class=\"elementor-container elementor-column-gap-default\">\n\t\t\t\t\t<div class=\"elementor-column elementor-col-33 elementor-top-column elementor-element elementor-element-e8324bf\" data-id=\"e8324bf\" data-element_type=\"column\">\n\t\t\t<div class=\"elementor-widget-wrap elementor-element-populated\">\n\t\t\t\t\t\t<div class=\"elementor-element elementor-element-f356ab5 elementor-widget elementor-widget-image\" data-id=\"f356ab5\" data-element_type=\"widget\" data-widget_type=\"image.default\">\n\t\t\t\t<div class=\"elementor-widget-container\">\n\t\t\t\t\t\t\t\t\t\t\t\t\t\t\t<img decoding=\"async\" width=\"900\" height=\"600\" src=\"https:\/\/ecmbarcelones.com\/wp-content\/uploads\/2019\/03\/4844-1024x683.jpg\" class=\"attachment-large size-large wp-image-249\" alt=\"\" srcset=\"https:\/\/ecmbarcelones.com\/wp-content\/uploads\/2019\/03\/4844-1024x683.jpg 1024w, https:\/\/ecmbarcelones.com\/wp-content\/uploads\/2019\/03\/4844-300x200.jpg 300w, https:\/\/ecmbarcelones.com\/wp-content\/uploads\/2019\/03\/4844-768x512.jpg 768w, https:\/\/ecmbarcelones.com\/wp-content\/uploads\/2019\/03\/4844-150x100.jpg 150w\" sizes=\"(max-width: 900px) 100vw, 900px\" \/>\t\t\t\t\t\t\t\t\t\t\t\t\t\t\t<\/div>\n\t\t\t\t<\/div>\n\t\t\t\t\t<\/div>\n\t\t<\/div>\n\t\t\t\t<div class=\"elementor-column elementor-col-33 elementor-top-column elementor-element elementor-element-a7894b7\" data-id=\"a7894b7\" data-element_type=\"column\">\n\t\t\t<div class=\"elementor-widget-wrap elementor-element-populated\">\n\t\t\t\t\t\t<div class=\"elementor-element elementor-element-ae42080 elementor-widget elementor-widget-image\" data-id=\"ae42080\" data-element_type=\"widget\" data-widget_type=\"image.default\">\n\t\t\t\t<div class=\"elementor-widget-container\">\n\t\t\t\t\t\t\t\t\t\t\t\t\t\t\t<img decoding=\"async\" src=\"https:\/\/ecmbarcelones.com\/wp-content\/plugins\/elementor\/assets\/images\/placeholder.png\" title=\"\" alt=\"\" loading=\"lazy\" \/>\t\t\t\t\t\t\t\t\t\t\t\t\t\t\t<\/div>\n\t\t\t\t<\/div>\n\t\t\t\t\t<\/div>\n\t\t<\/div>\n\t\t\t\t<div class=\"elementor-column elementor-col-33 elementor-top-column elementor-element elementor-element-ec0cb94\" data-id=\"ec0cb94\" data-element_type=\"column\">\n\t\t\t<div class=\"elementor-widget-wrap elementor-element-populated\">\n\t\t\t\t\t\t<div class=\"elementor-element elementor-element-a6c8b80 elementor-widget elementor-widget-image\" data-id=\"a6c8b80\" data-element_type=\"widget\" data-widget_type=\"image.default\">\n\t\t\t\t<div class=\"elementor-widget-container\">\n\t\t\t\t\t\t\t\t\t\t\t\t\t\t\t<img decoding=\"async\" src=\"https:\/\/ecmbarcelones.com\/wp-content\/plugins\/elementor\/assets\/images\/placeholder.png\" title=\"\" alt=\"\" loading=\"lazy\" \/>\t\t\t\t\t\t\t\t\t\t\t\t\t\t\t<\/div>\n\t\t\t\t<\/div>\n\t\t\t\t\t<\/div>\n\t\t<\/div>\n\t\t\t\t\t<\/div>\n\t\t<\/section>\n\t\t\t\t<\/div>\n\t\t","protected":false},"excerpt":{"rendered":"<p>El refugi de&nbsp;Segremorta&nbsp;est\u00e0&nbsp;situat a la Molina, al mig del bosc&nbsp;s&#8217;hi&nbsp;arriba&nbsp;per una pista o b\u00e9 per un sender que podem agafar&nbsp;des de&nbsp;l&#8217;estaci\u00f3 de RENFE de la Molina. Consta de&nbsp;v\u00e0ries&nbsp;depend\u00e8ncies i&nbsp;t\u00e9&nbsp;cabuda&nbsp;per 24 persones. El preu per nit&nbsp;\u00e9s&nbsp;de&nbsp;8\u20ac&nbsp;pels socis i de&nbsp;12\u20ac&nbsp;pels no socis, aquests&nbsp;hauran d&#8217;anar-hi acompanyats d&#8217;un&nbsp;soci. Per demanar la clau parlar amb\u2026<\/p>\n<p class=\"continue-reading-button\"> <a class=\"continue-reading-link\" href=\"https:\/\/ecmbarcelones.com\/index.php\/el-refugi-de-sedremorta\/\">Continue reading<i class=\"crycon-right-dir\"><\/i><\/a><\/p>\n","protected":false},"author":1,"featured_media":0,"parent":0,"menu_order":0,"comment_status":"closed","ping_status":"closed","template":"","meta":{"footnotes":""},"class_list":["post-110","page","type-page","status-publish","hentry"],"_links":{"self":[{"href":"https:\/\/ecmbarcelones.com\/index.php\/wp-json\/wp\/v2\/pages\/110","targetHints":{"allow":["GET"]}}],"collection":[{"href":"https:\/\/ecmbarcelones.com\/index.php\/wp-json\/wp\/v2\/pages"}],"about":[{"href":"https:\/\/ecmbarcelones.com\/index.php\/wp-json\/wp\/v2\/types\/page"}],"author":[{"embeddable":true,"href":"https:\/\/ecmbarcelones.com\/index.php\/wp-json\/wp\/v2\/users\/1"}],"replies":[{"embeddable":true,"href":"https:\/\/ecmbarcelones.com\/index.php\/wp-json\/wp\/v2\/comments?post=110"}],"version-history":[{"count":9,"href":"https:\/\/ecmbarcelones.com\/index.php\/wp-json\/wp\/v2\/pages\/110\/revisions"}],"predecessor-version":[{"id":937,"href":"https:\/\/ecmbarcelones.com\/index.php\/wp-json\/wp\/v2\/pages\/110\/revisions\/937"}],"wp:attachment":[{"href":"https:\/\/ecmbarcelones.com\/index.php\/wp-json\/wp\/v2\/media?parent=110"}],"curies":[{"name":"wp","href":"https:\/\/api.w.org\/{rel}","templated":true}]}}